{"id":1688,"date":"2025-07-10T15:16:21","date_gmt":"2025-07-10T13:16:21","guid":{"rendered":"https:\/\/ostoria.fr\/legal-notice\/"},"modified":"2026-02-25T14:19:54","modified_gmt":"2026-02-25T13:19:54","slug":"legal-notice","status":"publish","type":"page","link":"https:\/\/ostoria.fr\/en\/legal-notice\/","title":{"rendered":"Legal Notice"},"content":{"rendered":"\t\t<div data-elementor-type=\"wp-page\" data-elementor-id=\"1688\" class=\"elementor elementor-1688 elementor-124\" data-elementor-post-type=\"page\">\n\t\t\t\t\t\t<section class=\"elementor-section elementor-top-section elementor-element elementor-element-c52f505 elementor-section-boxed elementor-section-height-default elementor-section-height-default\" data-id=\"c52f505\" data-element_type=\"section\" data-e-type=\"section\">\n\t\t\t\t\t\t<div class=\"elementor-container elementor-column-gap-default\">\n\t\t\t\t\t<div class=\"elementor-column elementor-col-100 elementor-top-column elementor-element elementor-element-05f31fd\" data-id=\"05f31fd\" data-element_type=\"column\" data-e-type=\"column\">\n\t\t\t<div class=\"elementor-widget-wrap elementor-element-populated\">\n\t\t\t\t\t\t<div class=\"elementor-element elementor-element-f0f1b12 elementor-widget elementor-widget-text-editor\" data-id=\"f0f1b12\" data-element_type=\"widget\" data-e-type=\"widget\" data-widget_type=\"text-editor.default\">\n\t\t\t\t<div class=\"elementor-widget-container\">\n\t\t\t\t\t\t\t\t\t<h3 style=\"text-align: center;\">Welcome to Ost\u00f2ria.<\/h3><p> <\/p><p style=\"text-align: center;\">A charming hotel with 61 air-conditioned rooms, an immersive restaurant, an after-work lounge bar, a wellness area (infinity spa, sauna), an outdoor swimming pool, seminar rooms for up to 220 people, and reception for groups and coach operators&#8230; in the heart of P\u00e9rigord.<\/p><p> <\/p>\t\t\t\t\t\t\t\t<\/div>\n\t\t\t\t<\/div>\n\t\t\t\t<div class=\"elementor-element elementor-element-e58c3da elementor-widget elementor-widget-text-editor\" data-id=\"e58c3da\" data-element_type=\"widget\" data-e-type=\"widget\" data-widget_type=\"text-editor.default\">\n\t\t\t\t<div class=\"elementor-widget-container\">\n\t\t\t\t\t\t\t\t\t<div><div><p style=\"text-align: justify;\">https:\/\/ostoria.fr is the official website of Ost\u00f2ria.<br>By accessing this website, you agree to the terms of this legal notice.<\/p><p style=\"text-align: justify;\"><strong>Publisher:<\/strong><\/p><p style=\"text-align: justify;\">Ost\u00f2ria, a registered trademark of SAS OLYTIS, represented by Thibault Peyrat-Saphores.<br>Contact details: 6 rue de la Borderie &#8211; 24330 Marsac-sur-l&#8217;Isle <br>Email: hotel.perigord@ostoria.fr.<br>RCS P\u00e9rigueux: 931 161 327<br>Intra-community VAT: FR2402931161327<\/p><p style=\"text-align: justify;\"><strong> Website creation:<\/strong><\/p><p style=\"text-align: justify;\">IL\u00d4 Cr\u00e9atif Design Agency<br>13 Boulevard Stalingrad<br>24000 P\u00e9rigueux \u2013 Dordogne<br><a href=\"https:\/\/www.ilo-creatif.com\">https:\/\/www.ilo-creatif.com<\/a><\/p><\/div><p style=\"text-align: justify;\"><strong>Publication Director and Editor:<\/strong><\/p><p style=\"text-align: justify;\">Thibault Peyrat-Saphores<br>direction@ostoria.fr<\/p><div><p style=\"text-align: justify;\"><strong>Host:<\/strong><\/p><p style=\"text-align: justify;\">OVH<br>SAS with a capital of \u20ac10,174,560<br>RCS Lille M\u00e9tropole 424 761 419 00045<br>APE Code 2620Z<br>VAT No.: FR 22 424 761 419<br>Registered office: 2 rue Kellermann &#8211; 59100 Roubaix &#8211; France<\/p><p style=\"text-align: justify;\"><strong>Photo credits:<\/strong><br>IL\u00d4 Cr\u00e9atif, D\u00e9clic&amp;D\u00e9colle, Adobestock<\/p><p style=\"text-align: justify;\"><strong>The website<\/strong><br>https:\/\/ostoria.fr is the property of Ost\u00f2ria.<\/p><p style=\"text-align: justify;\"><strong>Intellectual property rights and copyright:<\/strong><br>The information, pictograms, photographs, images, texts, sequences, videos, animated or static, with or without sound, and other documents present on this website are protected by French and international legislation on copyright and intellectual property. As such, any reproduction, representation, adaptation or modification, partial or complete, or any transfer to another site is prohibited.<br>Any partial or total reproduction for collective use is strictly prohibited without the authorization of Ost\u00f2ria (Law of March 11, 1957, art. 41, and Intellectual Property Code of July 1, 1992). Copying these various copyrighted items on paper for private use is authorized (art. L122-5 of the Intellectual Property Code).  <br>The logos, visuals, and trademarks present on this site are the property of their respective owners. Consequently, any use of the products, including the Ost\u00f2ria website, may only be made with the written authorization of Ost\u00f2ria, of which Ost\u00f2ria shall be the sole judge. The databases appearing on this website are protected by the provisions of the law of July 11, 1998, transposing into the Intellectual Property Code the European directive of March 11, 1996, relating to the legal protection of databases (and notably prohibiting the extraction, reuse, partially or totally, of the content of the databases of www.ostoria.fr).  <\/p><p style=\"text-align: justify;\"><strong>Personal data protection:<\/strong><br>The personal data collected on this site results from the voluntary communication of an email address when submitting an electronic message. The data thus collected are used only to transmit the requested information and are intended solely for Ost\u00f2ria, with whom the rights of access and rectification can be exercised, in accordance with articles 27 and 34 of Law No. 78-17 of January 6, 1978, relating to data processing, files, and freedoms. To exercise these rights, please send your written request to Ost\u00f2ria. By virtue of Law No. 2000-719 of August 1, 2000, the contact details declared by the user may be communicated upon requisition by judicial authorities.<br>The data collected in this context may not be transferred to third parties or communicated for unforeseen purposes.   <\/p><p style=\"text-align: justify;\"><strong>Hyperlinks to other websites:<\/strong><br>The hyperlinks present on the website are provided solely to offer the most complete information possible to the user; neither their content, nor the links they contain, nor any changes or updates made to them shall engage the responsibility of Ost\u00f2ria.<br>Access to external sites linked to this site is entirely your responsibility.<\/p><p style=\"text-align: justify;\"><strong>Responsibility:<\/strong><br>Ost\u00f2ria cannot guarantee the accuracy, precision, or completeness of the information made available to you on the site. Ost\u00f2ria therefore declines all responsibility for any imprecision, inaccuracy, or omission concerning information available on this site. <\/p><p style=\"text-align: justify;\"><strong>Modification:<\/strong><br>Ost\u00f2ria reserves the right to modify or correct the content of this site at any time and without prior notice, without this giving rise to any right to compensation.<\/p><p style=\"text-align: justify;\"><strong>Contact form:<\/strong><br>The information collected from individuals via the contact form complies with the Data Protection Act. Your responses are optional, and failure to respond does not entail any particular consequence. Nevertheless, your responses must be sufficient to allow us to process the information.  <\/p><\/div><\/div>\t\t\t\t\t\t\t\t<\/div>\n\t\t\t\t<\/div>\n\t\t\t\t\t<\/div>\n\t\t<\/div>\n\t\t\t\t\t<\/div>\n\t\t<\/section>\n\t\t\t\t<\/div>\n\t\t","protected":false},"excerpt":{"rendered":"<p>Welcome to Ost\u00f2ria. A charming hotel with 61 air-conditioned rooms, an immersive restaurant, an after-work lounge bar, a wellness area (infinity spa, sauna), an outdoor swimming pool, seminar rooms for up to 220 people, and reception for groups and coach operators&#8230; in the heart of P\u00e9rigord. https:\/\/ostoria.fr is the official website of Ost\u00f2ria.By accessing this&hellip;<\/p>\n","protected":false},"author":1,"featured_media":0,"parent":0,"menu_order":0,"comment_status":"closed","ping_status":"closed","template":"","meta":{"inline_featured_image":false,"footnotes":""},"class_list":["post-1688","page","type-page","status-publish","hentry"],"yoast_head":"<!-- This site is optimized with the Yoast SEO plugin v27.3 - https:\/\/yoast.com\/product\/yoast-seo-wordpress\/ -->\n<title>Ost\u00f2ria - Hotel, Restaurant, Pool and Spa, Seminars in P\u00e9rigueux<\/title>\n<meta name=\"description\" content=\"A 61-room hotel, immersive restaurant, bar, swimming pool, seminar facilities, groups and coach operators welcome,... in the heart of P\u00e9rigord, near P\u00e9rigueux.\" \/>\n<meta name=\"robots\" content=\"index, follow, max-snippet:-1, max-image-preview:large, max-video-preview:-1\" \/>\n<link rel=\"canonical\" href=\"https:\/\/ostoria.fr\/en\/legal-notice\/\" \/>\n<meta property=\"og:locale\" content=\"en_US\" \/>\n<meta property=\"og:type\" content=\"article\" \/>\n<meta property=\"og:title\" content=\"Ost\u00f2ria - Hotel, Restaurant, Pool and Spa, Seminars in P\u00e9rigueux\" \/>\n<meta property=\"og:description\" content=\"A 61-room hotel, immersive restaurant, bar, swimming pool, seminar facilities, groups and coach operators welcome,... in the heart of P\u00e9rigord, near P\u00e9rigueux.\" \/>\n<meta property=\"og:url\" content=\"https:\/\/ostoria.fr\/en\/legal-notice\/\" \/>\n<meta property=\"og:site_name\" content=\"Ost\u00d2ria Establishment\" \/>\n<meta property=\"article:modified_time\" content=\"2026-02-25T13:19:54+00:00\" \/>\n<meta name=\"twitter:card\" content=\"summary_large_image\" \/>\n<meta name=\"twitter:label1\" content=\"Est. reading time\" \/>\n\t<meta name=\"twitter:data1\" content=\"3 minutes\" \/>\n<script type=\"application\/ld+json\" class=\"yoast-schema-graph\">{\"@context\":\"https:\\\/\\\/schema.org\",\"@graph\":[{\"@type\":\"WebPage\",\"@id\":\"https:\\\/\\\/ostoria.fr\\\/en\\\/legal-notice\\\/\",\"url\":\"https:\\\/\\\/ostoria.fr\\\/en\\\/legal-notice\\\/\",\"name\":\"Ost\u00f2ria - Hotel, Restaurant, Pool and Spa, Seminars in P\u00e9rigueux\",\"isPartOf\":{\"@id\":\"https:\\\/\\\/ostoria.fr\\\/en\\\/#website\"},\"datePublished\":\"2025-07-10T13:16:21+00:00\",\"dateModified\":\"2026-02-25T13:19:54+00:00\",\"description\":\"A 61-room hotel, immersive restaurant, bar, swimming pool, seminar facilities, groups and coach operators welcome,... in the heart of P\u00e9rigord, near P\u00e9rigueux.\",\"breadcrumb\":{\"@id\":\"https:\\\/\\\/ostoria.fr\\\/en\\\/legal-notice\\\/#breadcrumb\"},\"inLanguage\":\"en-US\",\"potentialAction\":[{\"@type\":\"ReadAction\",\"target\":[\"https:\\\/\\\/ostoria.fr\\\/en\\\/legal-notice\\\/\"]}]},{\"@type\":\"BreadcrumbList\",\"@id\":\"https:\\\/\\\/ostoria.fr\\\/en\\\/legal-notice\\\/#breadcrumb\",\"itemListElement\":[{\"@type\":\"ListItem\",\"position\":1,\"name\":\"Home\",\"item\":\"https:\\\/\\\/ostoria.fr\\\/en\\\/\"},{\"@type\":\"ListItem\",\"position\":2,\"name\":\"Legal Notice\"}]},{\"@type\":\"WebSite\",\"@id\":\"https:\\\/\\\/ostoria.fr\\\/en\\\/#website\",\"url\":\"https:\\\/\\\/ostoria.fr\\\/en\\\/\",\"name\":\"Ost\u00d2ria Establishment\",\"description\":\"P\u00e9rigord Imprint\",\"publisher\":{\"@id\":\"https:\\\/\\\/ostoria.fr\\\/en\\\/#organization\"},\"potentialAction\":[{\"@type\":\"SearchAction\",\"target\":{\"@type\":\"EntryPoint\",\"urlTemplate\":\"https:\\\/\\\/ostoria.fr\\\/en\\\/?s={search_term_string}\"},\"query-input\":{\"@type\":\"PropertyValueSpecification\",\"valueRequired\":true,\"valueName\":\"search_term_string\"}}],\"inLanguage\":\"en-US\"},{\"@type\":\"Organization\",\"@id\":\"https:\\\/\\\/ostoria.fr\\\/en\\\/#organization\",\"name\":\"Ost\u00d2ria Establishment\",\"url\":\"https:\\\/\\\/ostoria.fr\\\/en\\\/\",\"logo\":{\"@type\":\"ImageObject\",\"inLanguage\":\"en-US\",\"@id\":\"https:\\\/\\\/ostoria.fr\\\/en\\\/#\\\/schema\\\/logo\\\/image\\\/\",\"url\":\"https:\\\/\\\/ostoria.fr\\\/wp-content\\\/uploads\\\/2025\\\/04\\\/Ostoria-logo.svg\",\"contentUrl\":\"https:\\\/\\\/ostoria.fr\\\/wp-content\\\/uploads\\\/2025\\\/04\\\/Ostoria-logo.svg\",\"width\":962,\"height\":346,\"caption\":\"Ost\u00d2ria Establishment\"},\"image\":{\"@id\":\"https:\\\/\\\/ostoria.fr\\\/en\\\/#\\\/schema\\\/logo\\\/image\\\/\"}}]}<\/script>\n<!-- \/ Yoast SEO plugin. -->","yoast_head_json":{"title":"Ost\u00f2ria - Hotel, Restaurant, Pool and Spa, Seminars in P\u00e9rigueux","description":"A 61-room hotel, immersive restaurant, bar, swimming pool, seminar facilities, groups and coach operators welcome,... in the heart of P\u00e9rigord, near P\u00e9rigueux.","robots":{"index":"index","follow":"follow","max-snippet":"max-snippet:-1","max-image-preview":"max-image-preview:large","max-video-preview":"max-video-preview:-1"},"canonical":"https:\/\/ostoria.fr\/en\/legal-notice\/","og_locale":"en_US","og_type":"article","og_title":"Ost\u00f2ria - Hotel, Restaurant, Pool and Spa, Seminars in P\u00e9rigueux","og_description":"A 61-room hotel, immersive restaurant, bar, swimming pool, seminar facilities, groups and coach operators welcome,... in the heart of P\u00e9rigord, near P\u00e9rigueux.","og_url":"https:\/\/ostoria.fr\/en\/legal-notice\/","og_site_name":"Ost\u00d2ria Establishment","article_modified_time":"2026-02-25T13:19:54+00:00","twitter_card":"summary_large_image","twitter_misc":{"Est. reading time":"3 minutes"},"schema":{"@context":"https:\/\/schema.org","@graph":[{"@type":"WebPage","@id":"https:\/\/ostoria.fr\/en\/legal-notice\/","url":"https:\/\/ostoria.fr\/en\/legal-notice\/","name":"Ost\u00f2ria - Hotel, Restaurant, Pool and Spa, Seminars in P\u00e9rigueux","isPartOf":{"@id":"https:\/\/ostoria.fr\/en\/#website"},"datePublished":"2025-07-10T13:16:21+00:00","dateModified":"2026-02-25T13:19:54+00:00","description":"A 61-room hotel, immersive restaurant, bar, swimming pool, seminar facilities, groups and coach operators welcome,... in the heart of P\u00e9rigord, near P\u00e9rigueux.","breadcrumb":{"@id":"https:\/\/ostoria.fr\/en\/legal-notice\/#breadcrumb"},"inLanguage":"en-US","potentialAction":[{"@type":"ReadAction","target":["https:\/\/ostoria.fr\/en\/legal-notice\/"]}]},{"@type":"BreadcrumbList","@id":"https:\/\/ostoria.fr\/en\/legal-notice\/#breadcrumb","itemListElement":[{"@type":"ListItem","position":1,"name":"Home","item":"https:\/\/ostoria.fr\/en\/"},{"@type":"ListItem","position":2,"name":"Legal Notice"}]},{"@type":"WebSite","@id":"https:\/\/ostoria.fr\/en\/#website","url":"https:\/\/ostoria.fr\/en\/","name":"Ost\u00d2ria Establishment","description":"P\u00e9rigord Imprint","publisher":{"@id":"https:\/\/ostoria.fr\/en\/#organization"},"potentialAction":[{"@type":"SearchAction","target":{"@type":"EntryPoint","urlTemplate":"https:\/\/ostoria.fr\/en\/?s={search_term_string}"},"query-input":{"@type":"PropertyValueSpecification","valueRequired":true,"valueName":"search_term_string"}}],"inLanguage":"en-US"},{"@type":"Organization","@id":"https:\/\/ostoria.fr\/en\/#organization","name":"Ost\u00d2ria Establishment","url":"https:\/\/ostoria.fr\/en\/","logo":{"@type":"ImageObject","inLanguage":"en-US","@id":"https:\/\/ostoria.fr\/en\/#\/schema\/logo\/image\/","url":"https:\/\/ostoria.fr\/wp-content\/uploads\/2025\/04\/Ostoria-logo.svg","contentUrl":"https:\/\/ostoria.fr\/wp-content\/uploads\/2025\/04\/Ostoria-logo.svg","width":962,"height":346,"caption":"Ost\u00d2ria Establishment"},"image":{"@id":"https:\/\/ostoria.fr\/en\/#\/schema\/logo\/image\/"}}]}},"_links":{"self":[{"href":"https:\/\/ostoria.fr\/en\/wp-json\/wp\/v2\/pages\/1688","targetHints":{"allow":["GET"]}}],"collection":[{"href":"https:\/\/ostoria.fr\/en\/wp-json\/wp\/v2\/pages"}],"about":[{"href":"https:\/\/ostoria.fr\/en\/wp-json\/wp\/v2\/types\/page"}],"author":[{"embeddable":true,"href":"https:\/\/ostoria.fr\/en\/wp-json\/wp\/v2\/users\/1"}],"replies":[{"embeddable":true,"href":"https:\/\/ostoria.fr\/en\/wp-json\/wp\/v2\/comments?post=1688"}],"version-history":[{"count":4,"href":"https:\/\/ostoria.fr\/en\/wp-json\/wp\/v2\/pages\/1688\/revisions"}],"predecessor-version":[{"id":2931,"href":"https:\/\/ostoria.fr\/en\/wp-json\/wp\/v2\/pages\/1688\/revisions\/2931"}],"wp:attachment":[{"href":"https:\/\/ostoria.fr\/en\/wp-json\/wp\/v2\/media?parent=1688"}],"curies":[{"name":"wp","href":"https:\/\/api.w.org\/{rel}","templated":true}]}}