{"id":1690,"date":"2025-07-10T15:25:04","date_gmt":"2025-07-10T13:25:04","guid":{"rendered":"https:\/\/ostoria.fr\/politica-de-privacidad\/"},"modified":"2025-11-02T01:04:37","modified_gmt":"2025-11-02T00:04:37","slug":"politica-de-privacidad","status":"publish","type":"page","link":"https:\/\/ostoria.fr\/es\/politica-de-privacidad\/","title":{"rendered":"Pol\u00edtica de privacidad"},"content":{"rendered":"\t\t<div data-elementor-type=\"wp-page\" data-elementor-id=\"1690\" class=\"elementor elementor-1690 elementor-136\" data-elementor-post-type=\"page\">\n\t\t\t\t\t\t<section class=\"elementor-section elementor-top-section elementor-element elementor-element-7ec801c elementor-section-boxed elementor-section-height-default elementor-section-height-default\" data-id=\"7ec801c\" data-element_type=\"section\" data-e-type=\"section\">\n\t\t\t\t\t\t<div class=\"elementor-container elementor-column-gap-default\">\n\t\t\t\t\t<div class=\"elementor-column elementor-col-100 elementor-top-column elementor-element elementor-element-c8bbb65\" data-id=\"c8bbb65\" data-element_type=\"column\" data-e-type=\"column\">\n\t\t\t<div class=\"elementor-widget-wrap elementor-element-populated\">\n\t\t\t\t\t\t<div class=\"elementor-element elementor-element-6840b69 elementor-widget elementor-widget-text-editor\" data-id=\"6840b69\" data-element_type=\"widget\" data-e-type=\"widget\" data-widget_type=\"text-editor.default\">\n\t\t\t\t<div class=\"elementor-widget-container\">\n\t\t\t\t\t\t\t\t\t<div><p style=\"text-align: justify;\">Ost\u00f2ria se compromete a que la recopilaci\u00f3n y el tratamiento de sus datos, realizados a trav\u00e9s del sitio web ostoria.fr, cumplan con el Reglamento General de Protecci\u00f3n de Datos (RGPD) y la Ley de Protecci\u00f3n de Datos y Libertades.<\/p><p style=\"text-align: justify;\"><strong>Delegado\/a de Protecci\u00f3n de Datos Personales:<\/strong> <br>De acuerdo con esta nueva normativa, se ha designado un Delegado de Protecci\u00f3n de Datos. <br>Ost\u00f2ria \u2013 Thibault Peyrat-Saphores<br>8 rue de la Borderie \u2013 24430 Marsac-sur-l&#8217;Isle<br>direction@ostoria.fr<br>Puede contactarle por correo postal, correo electr\u00f3nico o a trav\u00e9s de nuestro <a href=\"https:\/\/ostoria.fr\/!#contact\">formulario<\/a>.<\/p><div style=\"text-align: justify;\"><p><strong> <\/strong><\/p><p><strong>POL\u00cdTICA DE PRIVACIDAD DE DATOS PERSONALES<br><\/strong><\/p><p>En el marco de la implementaci\u00f3n del nuevo Reglamento de Protecci\u00f3n de Datos Personales (RGPD) a partir del 25 de mayo de 2018, Ost\u00f2ria desea presentar con total transparencia su pol\u00edtica de privacidad de datos personales.<\/p><p><strong>Nuestro compromiso con la confidencialidad<\/strong><br>Hacemos todo lo posible para proteger sus datos de la mejor manera posible y nos comprometemos a garantizar el m\u00e1s alto nivel de seguridad y confidencialidad, de acuerdo con la normativa francesa y europea aplicable (Reglamento 2016\/679\/UE y Ley n\u00b078-17 del 6 de enero de 1978).<\/p><p>En este documento presentamos nuestra pol\u00edtica relativa a la informaci\u00f3n, recopilaci\u00f3n y tratamiento de sus datos personales, as\u00ed como las modalidades de acceso, modificaci\u00f3n, supresi\u00f3n y portabilidad de sus datos.<\/p><p><strong>La informaci\u00f3n que recopilamos y los m\u00e9todos de recopilaci\u00f3n utilizados<\/strong><br>En general, puede visitar el sitio web de Ost\u00f2ria sin identificarse ni revelar informaci\u00f3n personal. Sin embargo, en algunas circunstancias, Ost\u00f2ria puede solicitarle informaci\u00f3n (en este sitio web). <\/p><p>La informaci\u00f3n personal como su nombre, n\u00famero de tel\u00e9fono, correo electr\u00f3nico, etc., solo se retiene cuando usted nos la proporciona voluntariamente o en el marco de una relaci\u00f3n contractual (pasada, presente o futura). Recopilamos esta informaci\u00f3n de varias maneras: <\/p><p>\u2013 A trav\u00e9s de formularios de registro, en l\u00ednea o no (solicitud de reserva, solicitud de servicio,&#8230;)<br>\u2013 Durante una solicitud de contacto o de informaci\u00f3n (formulario de contacto en l\u00ednea, contacto telef\u00f3nico,&#8230;)<br>\u2013 En el marco de un proceso de contrataci\u00f3n (interno, externo, en todas sus formas)<br>\u2013 Por medios automatizados como comunicaciones por correo electr\u00f3nico y cookies,&#8230;<br>\u2013 A trav\u00e9s del uso de un servicio de red social (P\u00e1gina de Facebook de la empresa, Instagram, LinkedIn, TikTok).<\/p><p><strong>Tratamiento de datos personales<\/strong><\/p><p>Los datos personales recopilados en este sitio lo son en el marco de una solicitud, un contrato en curso o futuro, con fines de enriquecimiento de contenidos y an\u00e1lisis estad\u00edstico.<br>Estos datos son obligatorios en el marco de un proceso contractual en curso o futuro.<\/p><p>Estos datos se recopilan con su consentimiento expl\u00edcito. Puede retirar este consentimiento en cualquier momento, ya sea a trav\u00e9s de las herramientas puestas a su disposici\u00f3n en l\u00ednea (gesti\u00f3n de cookies), o contactando a los servicios responsables del tratamiento de sus datos. Tambi\u00e9n puede contactar al delegado de protecci\u00f3n de datos para este fin.  <\/p><p>No se realiza ninguna transferencia o cesi\u00f3n de sus datos a terceros. Se recopilan \u00fanicamente para el uso definido anteriormente y sus datos se conservan hasta que usted lo solicite (rectificaci\u00f3n, limitaci\u00f3n, supresi\u00f3n,&#8230; mediante una solicitud con el <a href=\"https:\/\/ostoria.fr\/wp-content\/uploads\/2025\/09\/FormulaireDonneesPersonnelles.pdf\" target=\"_blank\" rel=\"noopener\">formulario enlazado<\/a>). <\/p><p>Para asegurarnos de su identidad al solicitar la consulta, modificaci\u00f3n, portabilidad o supresi\u00f3n de sus datos, le rogamos que adjunte una copia de su documento de identidad a su solicitud. No podremos eliminar datos personales sin asegurarnos de la identidad del solicitante que pide la eliminaci\u00f3n de sus datos. Una vez que nuestra empresa haya procesado su solicitud, la copia de su documento de identidad ser\u00e1 destruida y no se podr\u00e1 devolver.  <\/p><p>Le informamos que tambi\u00e9n tiene la posibilidad de presentar una reclamaci\u00f3n ante la CNIL.<\/p><p>Los datos personales recopilados en el marco de los servicios ofrecidos en ostoria.fr se tratan seg\u00fan protocolos seguros.<\/p><p>El almacenamiento de estos datos est\u00e1, adem\u00e1s, limitado en el tiempo y sujeto a una solicitud de eliminaci\u00f3n por su parte. Tras esta solicitud, sus datos personales ser\u00e1n eliminados. En el caso de una inscripci\u00f3n a un servicio en l\u00ednea, se le enviar\u00e1 una solicitud de renovaci\u00f3n del consentimiento.  <\/p><p>Cada formulario o servicio en l\u00ednea limita la recopilaci\u00f3n de datos personales a lo estrictamente necesario (minimizaci\u00f3n de datos).<\/p><p><strong>C\u00f3mo utilizamos su informaci\u00f3n (Finalidades)<\/strong><br>Ost\u00f2ria puede utilizar sus datos personales para:<br>\u2013 Sus solicitudes de informaci\u00f3n, sus solicitudes de servicios,&#8230;<br>\u2013 Hacer que el sitio web sea m\u00e1s f\u00e1cil de usar<br>\u2013 Ayudarnos a personalizar el contenido y hacerlo m\u00e1s cercano a sus intereses<br>\u2013 Informarle sobre las novedades de Ost\u00f2ria<\/p><p><strong>Cu\u00e1nto tiempo guardamos sus datos<\/strong><br>Definimos un per\u00edodo de conservaci\u00f3n de sus datos en funci\u00f3n de los objetivos de cada tratamiento, y de las posibles obligaciones legales relacionadas y los fines de nuestra actividad (subcontratista&#8230;). Si desea conocer el per\u00edodo de conservaci\u00f3n de los datos que le conciernen, puede solicitarlo a la ETT. <\/p><p><strong>C\u00f3mo solicitar el acceso, la rectificaci\u00f3n, la portabilidad o la supresi\u00f3n de sus datos<\/strong><br>Proporcionamos enlaces de cancelaci\u00f3n de suscripci\u00f3n en todos los correos electr\u00f3nicos que forman parte de una campa\u00f1a de comunicaci\u00f3n grupal. Tambi\u00e9n puede hacer una solicitud de acceso, modificaci\u00f3n, portabilidad o supresi\u00f3n de sus datos personales por correo certificado, adjuntando a su env\u00edo el \u00abFormulario de acceso a los derechos de las personas interesadas\u00bb disponible haciendo clic en el enlace al final de la p\u00e1gina. Por lo tanto, en cualquier momento, puede conocer los datos personales que posee Ost\u00f2ria, modificarlos, transferirlos o eliminarlos.  <\/p><p><strong>Direcci\u00f3n postal para enviar una solicitud de acceso a datos personales:<\/strong><br>Ost\u00f2ria<br>Servicio de protecci\u00f3n de datos personales (RGPD)<br><span aria-label=\"Appeler le 05 53 03 05 08\">8 rue de la Borderie<br>24430 Marsac-sur-l&#8217;Isle<\/span><\/p><p>Para asegurarnos de su identidad al solicitar la consulta, modificaci\u00f3n, portabilidad o supresi\u00f3n de sus datos, le rogamos que adjunte una copia de su documento de identidad a su solicitud. No podremos eliminar datos personales sin asegurarnos de la identidad del solicitante que pide la eliminaci\u00f3n de sus datos. Una vez que nuestra empresa haya procesado su solicitud, la copia de su documento de identidad ser\u00e1 destruida y no se podr\u00e1 devolver.  <\/p><p>Le informamos que tambi\u00e9n tiene la posibilidad de presentar una reclamaci\u00f3n ante la CNIL.<\/p><p><strong>Enlaces externos<\/strong><br>Hay enlaces a otros sitios web disponibles desde el sitio de Ost\u00f2ria para ofrecerle la informaci\u00f3n m\u00e1s completa posible. Si utiliza estos enlaces, abandonar\u00e1 el sitio de Ost\u00f2ria. No hemos controlado estos sitios y no los controlaremos, ya que estos sitios no est\u00e1n bajo nuestra responsabilidad.<br>Ost\u00f2ria no es, en ning\u00fan caso, responsable de los contenidos y\/o de la pol\u00edtica de privacidad de datos personales de estos otros sitios.<br>Ost\u00f2ria no respalda ni aprueba los contenidos a los que estos sitios o fuentes dan acceso y excluye toda responsabilidad con respecto a estos contenidos. Si decide acceder a estos sitios, lo hace bajo su entera responsabilidad.   <\/p><p><strong>Su acuerdo con estas condiciones<\/strong><br>Al utilizar el sitio web de Ost\u00f2ria, usted indica su acuerdo con esta pol\u00edtica de privacidad.<\/p><p><strong>C\u00f3mo contactarnos<\/strong><br>Ost\u00f2ria<br>Servicio de protecci\u00f3n de datos personales (RGPD)<br>8 rue de la Borderie<br>24430 Marsac-sur-l&#8217;Isle<\/p><\/div><p style=\"text-align: justify;\"><a href=\"https:\/\/ostoria.fr\/wp-content\/uploads\/2025\/09\/FormulaireDonneesPersonnelles.pdf\" target=\"_blank\" rel=\"noopener\">Formulario de datos personales<\/a><\/p><\/div><p style=\"text-align: justify;\"><strong> <\/strong><\/p><p style=\"text-align: justify;\"><strong>Otras tecnolog\u00edas<\/strong><br>Podemos utilizar otras tecnolog\u00edas para recopilar datos espec\u00edficos, como las p\u00e1ginas que visita, los elementos que descarga, los enlaces en los que hace clic, el tipo de mensajer\u00eda, el tipo de equipo utilizado (PC, Mac, Smartphone,&#8230;) y sus tiempos de conexi\u00f3n para ayudarnos a entender c\u00f3mo utiliza nuestro sitio.<\/p><p style=\"text-align: justify;\"><strong>Acerca de esta pol\u00edtica de cookies<\/strong><\/p><p style=\"text-align: justify;\">Esta pol\u00edtica de cookies explica qu\u00e9 son las cookies y c\u00f3mo las utilizamos, los tipos de cookies que utilizamos, es decir, la informaci\u00f3n que recopilamos mediante cookies y c\u00f3mo se utiliza esa informaci\u00f3n, y c\u00f3mo controlar las preferencias de cookies.<br>Puede modificar o retirar su consentimiento a la declaraci\u00f3n de cookies en nuestro sitio web en cualquier momento.<br>Su consentimiento se aplica a los siguientes dominios: ostoria.fr<\/p><p style=\"text-align: justify;\"><strong>\u00bfQu\u00e9 son las cookies?<br><\/strong><\/p><p style=\"text-align: justify;\">Las cookies son peque\u00f1os archivos de texto que se utilizan para almacenar peque\u00f1os elementos de informaci\u00f3n. Se almacenan en su dispositivo cuando el sitio web se carga en su navegador. Estas cookies nos ayudan a hacer que el sitio web funcione correctamente, a hacerlo m\u00e1s seguro, a proporcionar una mejor experiencia de usuario y a entender c\u00f3mo funciona el sitio web y analizar qu\u00e9 funciona y qu\u00e9 necesita ser mejorado.  <\/p><p style=\"text-align: justify;\"><strong>\u00bfC\u00f3mo utilizamos las cookies?<br><\/strong><\/p><p style=\"text-align: justify;\">Como la mayor\u00eda de los servicios en l\u00ednea, nuestro sitio web utiliza cookies propias y de terceros para varios prop\u00f3sitos. Las cookies propias son principalmente necesarias para que el sitio web funcione correctamente y no recopilan ninguno de sus datos personales identificables. <\/p><p style=\"text-align: justify;\">Las cookies de terceros utilizadas en nuestro sitio web sirven principalmente para entender c\u00f3mo funciona el sitio web, c\u00f3mo interact\u00faa usted con nuestro sitio web, para garantizar la seguridad de nuestros servicios, para proporcionarle publicidad relevante y, en general, para ofrecerle una experiencia de usuario mejor y mejorada y acelerar sus futuras interacciones con nuestro sitio web.<\/p><p style=\"text-align: justify;\"><strong>\u00bfQu\u00e9 tipos de cookies utilizamos? <\/strong><\/p><p style=\"text-align: justify;\">\u2022 Formulario de contacto: Procesamiento de su solicitud y eliminaci\u00f3n a petici\u00f3n suya<\/p><p style=\"text-align: justify;\">\u2022 Cookie Slimstat \u2013 Consentimiento expl\u00edcito revocable en cualquier momento por el usuario (Anal\u00edtica)<\/p><p style=\"text-align: justify;\">\u2022 Cookie de compartir en redes sociales \u2013 Consentimiento expl\u00edcito revocable en cualquier momento por el usuario \u2013 Cookies de terceros gestionadas por los servicios que las depositan<\/p><p style=\"text-align: justify;\"><strong>\u00bfC\u00f3mo puedo controlar las preferencias de cookies?<br><\/strong><\/p><p style=\"text-align: justify;\">Si decide cambiar sus preferencias durante su sesi\u00f3n de navegaci\u00f3n, puede hacer clic en la pesta\u00f1a \u00abPol\u00edtica de privacidad y cookies\u00bb en su pantalla. El aviso de consentimiento aparecer\u00e1 de nuevo, lo que le permitir\u00e1 cambiar sus preferencias o retirar completamente su consentimiento. <\/p><p style=\"text-align: justify;\">Adem\u00e1s, los diferentes navegadores ofrecen diferentes m\u00e9todos para bloquear y eliminar las cookies utilizadas por los sitios web. Puede modificar la configuraci\u00f3n de su navegador para bloquear\/eliminar las cookies. <\/p>\t\t\t\t\t\t\t\t<\/div>\n\t\t\t\t<\/div>\n\t\t\t\t\t<\/div>\n\t\t<\/div>\n\t\t\t\t\t<\/div>\n\t\t<\/section>\n\t\t\t\t<\/div>\n\t\t","protected":false},"excerpt":{"rendered":"<p>Ost\u00f2ria se compromete a que la recopilaci\u00f3n y el tratamiento de sus datos, realizados a trav\u00e9s del sitio web ostoria.fr, cumplan con el Reglamento General de Protecci\u00f3n de Datos (RGPD) y la Ley de Protecci\u00f3n de Datos y Libertades. Delegado\/a de Protecci\u00f3n de Datos Personales: De acuerdo con esta nueva normativa, se ha designado un&hellip;<\/p>\n","protected":false},"author":1,"featured_media":0,"parent":0,"menu_order":0,"comment_status":"closed","ping_status":"closed","template":"","meta":{"inline_featured_image":false,"footnotes":""},"class_list":["post-1690","page","type-page","status-publish","hentry"],"yoast_head":"<!-- This site is optimized with the Yoast SEO plugin v27.3 - https:\/\/yoast.com\/product\/yoast-seo-wordpress\/ -->\n<title>Ost\u00f2ria - Hotel, Restaurante, Piscina y Spa, Seminarios en P\u00e9rigueux<\/title>\n<meta name=\"description\" content=\"Hotel con aire acondicionado, restaurante inmersivo, bar, piscina, spa de bienestar, seminarios, servicios para autocares,... en el coraz\u00f3n del P\u00e9rigord, cerca de P\u00e9rigueux.\" \/>\n<meta name=\"robots\" content=\"index, follow, max-snippet:-1, max-image-preview:large, max-video-preview:-1\" \/>\n<link rel=\"canonical\" href=\"https:\/\/ostoria.fr\/es\/politica-de-privacidad\/\" \/>\n<meta property=\"og:locale\" content=\"es_ES\" \/>\n<meta property=\"og:type\" content=\"article\" \/>\n<meta property=\"og:title\" content=\"Ost\u00f2ria - Hotel, Restaurante, Piscina y Spa, Seminarios en P\u00e9rigueux\" \/>\n<meta property=\"og:description\" content=\"Hotel con aire acondicionado, restaurante inmersivo, bar, piscina, spa de bienestar, seminarios, servicios para autocares,... en el coraz\u00f3n del P\u00e9rigord, cerca de P\u00e9rigueux.\" \/>\n<meta property=\"og:url\" content=\"https:\/\/ostoria.fr\/es\/politica-de-privacidad\/\" \/>\n<meta property=\"og:site_name\" content=\"Establecimiento Ost\u00d2ria\" \/>\n<meta property=\"article:modified_time\" content=\"2025-11-02T00:04:37+00:00\" \/>\n<meta name=\"twitter:card\" content=\"summary_large_image\" \/>\n<meta name=\"twitter:label1\" content=\"Tiempo de lectura\" \/>\n\t<meta name=\"twitter:data1\" content=\"9 minutos\" \/>\n<script type=\"application\/ld+json\" class=\"yoast-schema-graph\">{\"@context\":\"https:\\\/\\\/schema.org\",\"@graph\":[{\"@type\":\"WebPage\",\"@id\":\"https:\\\/\\\/ostoria.fr\\\/es\\\/politica-de-privacidad\\\/\",\"url\":\"https:\\\/\\\/ostoria.fr\\\/es\\\/politica-de-privacidad\\\/\",\"name\":\"Ost\u00f2ria - Hotel, Restaurante, Piscina y Spa, Seminarios en P\u00e9rigueux\",\"isPartOf\":{\"@id\":\"https:\\\/\\\/ostoria.fr\\\/es\\\/#website\"},\"datePublished\":\"2025-07-10T13:25:04+00:00\",\"dateModified\":\"2025-11-02T00:04:37+00:00\",\"description\":\"Hotel con aire acondicionado, restaurante inmersivo, bar, piscina, spa de bienestar, seminarios, servicios para autocares,... en el coraz\u00f3n del P\u00e9rigord, cerca de P\u00e9rigueux.\",\"breadcrumb\":{\"@id\":\"https:\\\/\\\/ostoria.fr\\\/es\\\/politica-de-privacidad\\\/#breadcrumb\"},\"inLanguage\":\"es\",\"potentialAction\":[{\"@type\":\"ReadAction\",\"target\":[\"https:\\\/\\\/ostoria.fr\\\/es\\\/politica-de-privacidad\\\/\"]}]},{\"@type\":\"BreadcrumbList\",\"@id\":\"https:\\\/\\\/ostoria.fr\\\/es\\\/politica-de-privacidad\\\/#breadcrumb\",\"itemListElement\":[{\"@type\":\"ListItem\",\"position\":1,\"name\":\"Inicio\",\"item\":\"https:\\\/\\\/ostoria.fr\\\/es\\\/\"},{\"@type\":\"ListItem\",\"position\":2,\"name\":\"Pol\u00edtica de privacidad\"}]},{\"@type\":\"WebSite\",\"@id\":\"https:\\\/\\\/ostoria.fr\\\/es\\\/#website\",\"url\":\"https:\\\/\\\/ostoria.fr\\\/es\\\/\",\"name\":\"Establecimiento Ost\u00d2ria\",\"description\":\"Huella P\u00e9rigord\",\"publisher\":{\"@id\":\"https:\\\/\\\/ostoria.fr\\\/es\\\/#organization\"},\"potentialAction\":[{\"@type\":\"SearchAction\",\"target\":{\"@type\":\"EntryPoint\",\"urlTemplate\":\"https:\\\/\\\/ostoria.fr\\\/es\\\/?s={search_term_string}\"},\"query-input\":{\"@type\":\"PropertyValueSpecification\",\"valueRequired\":true,\"valueName\":\"search_term_string\"}}],\"inLanguage\":\"es\"},{\"@type\":\"Organization\",\"@id\":\"https:\\\/\\\/ostoria.fr\\\/es\\\/#organization\",\"name\":\"Establecimiento Ost\u00d2ria\",\"url\":\"https:\\\/\\\/ostoria.fr\\\/es\\\/\",\"logo\":{\"@type\":\"ImageObject\",\"inLanguage\":\"es\",\"@id\":\"https:\\\/\\\/ostoria.fr\\\/es\\\/#\\\/schema\\\/logo\\\/image\\\/\",\"url\":\"https:\\\/\\\/ostoria.fr\\\/wp-content\\\/uploads\\\/2025\\\/04\\\/Ostoria-logo.svg\",\"contentUrl\":\"https:\\\/\\\/ostoria.fr\\\/wp-content\\\/uploads\\\/2025\\\/04\\\/Ostoria-logo.svg\",\"width\":962,\"height\":346,\"caption\":\"Establecimiento Ost\u00d2ria\"},\"image\":{\"@id\":\"https:\\\/\\\/ostoria.fr\\\/es\\\/#\\\/schema\\\/logo\\\/image\\\/\"}}]}<\/script>\n<!-- \/ Yoast SEO plugin. -->","yoast_head_json":{"title":"Ost\u00f2ria - Hotel, Restaurante, Piscina y Spa, Seminarios en P\u00e9rigueux","description":"Hotel con aire acondicionado, restaurante inmersivo, bar, piscina, spa de bienestar, seminarios, servicios para autocares,... en el coraz\u00f3n del P\u00e9rigord, cerca de P\u00e9rigueux.","robots":{"index":"index","follow":"follow","max-snippet":"max-snippet:-1","max-image-preview":"max-image-preview:large","max-video-preview":"max-video-preview:-1"},"canonical":"https:\/\/ostoria.fr\/es\/politica-de-privacidad\/","og_locale":"es_ES","og_type":"article","og_title":"Ost\u00f2ria - Hotel, Restaurante, Piscina y Spa, Seminarios en P\u00e9rigueux","og_description":"Hotel con aire acondicionado, restaurante inmersivo, bar, piscina, spa de bienestar, seminarios, servicios para autocares,... en el coraz\u00f3n del P\u00e9rigord, cerca de P\u00e9rigueux.","og_url":"https:\/\/ostoria.fr\/es\/politica-de-privacidad\/","og_site_name":"Establecimiento Ost\u00d2ria","article_modified_time":"2025-11-02T00:04:37+00:00","twitter_card":"summary_large_image","twitter_misc":{"Tiempo de lectura":"9 minutos"},"schema":{"@context":"https:\/\/schema.org","@graph":[{"@type":"WebPage","@id":"https:\/\/ostoria.fr\/es\/politica-de-privacidad\/","url":"https:\/\/ostoria.fr\/es\/politica-de-privacidad\/","name":"Ost\u00f2ria - Hotel, Restaurante, Piscina y Spa, Seminarios en P\u00e9rigueux","isPartOf":{"@id":"https:\/\/ostoria.fr\/es\/#website"},"datePublished":"2025-07-10T13:25:04+00:00","dateModified":"2025-11-02T00:04:37+00:00","description":"Hotel con aire acondicionado, restaurante inmersivo, bar, piscina, spa de bienestar, seminarios, servicios para autocares,... en el coraz\u00f3n del P\u00e9rigord, cerca de P\u00e9rigueux.","breadcrumb":{"@id":"https:\/\/ostoria.fr\/es\/politica-de-privacidad\/#breadcrumb"},"inLanguage":"es","potentialAction":[{"@type":"ReadAction","target":["https:\/\/ostoria.fr\/es\/politica-de-privacidad\/"]}]},{"@type":"BreadcrumbList","@id":"https:\/\/ostoria.fr\/es\/politica-de-privacidad\/#breadcrumb","itemListElement":[{"@type":"ListItem","position":1,"name":"Inicio","item":"https:\/\/ostoria.fr\/es\/"},{"@type":"ListItem","position":2,"name":"Pol\u00edtica de privacidad"}]},{"@type":"WebSite","@id":"https:\/\/ostoria.fr\/es\/#website","url":"https:\/\/ostoria.fr\/es\/","name":"Establecimiento Ost\u00d2ria","description":"Huella P\u00e9rigord","publisher":{"@id":"https:\/\/ostoria.fr\/es\/#organization"},"potentialAction":[{"@type":"SearchAction","target":{"@type":"EntryPoint","urlTemplate":"https:\/\/ostoria.fr\/es\/?s={search_term_string}"},"query-input":{"@type":"PropertyValueSpecification","valueRequired":true,"valueName":"search_term_string"}}],"inLanguage":"es"},{"@type":"Organization","@id":"https:\/\/ostoria.fr\/es\/#organization","name":"Establecimiento Ost\u00d2ria","url":"https:\/\/ostoria.fr\/es\/","logo":{"@type":"ImageObject","inLanguage":"es","@id":"https:\/\/ostoria.fr\/es\/#\/schema\/logo\/image\/","url":"https:\/\/ostoria.fr\/wp-content\/uploads\/2025\/04\/Ostoria-logo.svg","contentUrl":"https:\/\/ostoria.fr\/wp-content\/uploads\/2025\/04\/Ostoria-logo.svg","width":962,"height":346,"caption":"Establecimiento Ost\u00d2ria"},"image":{"@id":"https:\/\/ostoria.fr\/es\/#\/schema\/logo\/image\/"}}]}},"_links":{"self":[{"href":"https:\/\/ostoria.fr\/es\/wp-json\/wp\/v2\/pages\/1690","targetHints":{"allow":["GET"]}}],"collection":[{"href":"https:\/\/ostoria.fr\/es\/wp-json\/wp\/v2\/pages"}],"about":[{"href":"https:\/\/ostoria.fr\/es\/wp-json\/wp\/v2\/types\/page"}],"author":[{"embeddable":true,"href":"https:\/\/ostoria.fr\/es\/wp-json\/wp\/v2\/users\/1"}],"replies":[{"embeddable":true,"href":"https:\/\/ostoria.fr\/es\/wp-json\/wp\/v2\/comments?post=1690"}],"version-history":[{"count":1,"href":"https:\/\/ostoria.fr\/es\/wp-json\/wp\/v2\/pages\/1690\/revisions"}],"predecessor-version":[{"id":1691,"href":"https:\/\/ostoria.fr\/es\/wp-json\/wp\/v2\/pages\/1690\/revisions\/1691"}],"wp:attachment":[{"href":"https:\/\/ostoria.fr\/es\/wp-json\/wp\/v2\/media?parent=1690"}],"curies":[{"name":"wp","href":"https:\/\/api.w.org\/{rel}","templated":true}]}}