{"id":1692,"date":"2025-07-10T15:16:21","date_gmt":"2025-07-10T13:16:21","guid":{"rendered":"https:\/\/ostoria.fr\/menciones-legales\/"},"modified":"2026-02-25T14:19:56","modified_gmt":"2026-02-25T13:19:56","slug":"menciones-legales","status":"publish","type":"page","link":"https:\/\/ostoria.fr\/es\/menciones-legales\/","title":{"rendered":"Aviso legal"},"content":{"rendered":"\t\t<div data-elementor-type=\"wp-page\" data-elementor-id=\"1692\" class=\"elementor elementor-1692 elementor-124\" data-elementor-post-type=\"page\">\n\t\t\t\t\t\t<section class=\"elementor-section elementor-top-section elementor-element elementor-element-c52f505 elementor-section-boxed elementor-section-height-default elementor-section-height-default\" data-id=\"c52f505\" data-element_type=\"section\" data-e-type=\"section\">\n\t\t\t\t\t\t<div class=\"elementor-container elementor-column-gap-default\">\n\t\t\t\t\t<div class=\"elementor-column elementor-col-100 elementor-top-column elementor-element elementor-element-05f31fd\" data-id=\"05f31fd\" data-element_type=\"column\" data-e-type=\"column\">\n\t\t\t<div class=\"elementor-widget-wrap elementor-element-populated\">\n\t\t\t\t\t\t<div class=\"elementor-element elementor-element-f0f1b12 elementor-widget elementor-widget-text-editor\" data-id=\"f0f1b12\" data-element_type=\"widget\" data-e-type=\"widget\" data-widget_type=\"text-editor.default\">\n\t\t\t\t<div class=\"elementor-widget-container\">\n\t\t\t\t\t\t\t\t\t<h3 style=\"text-align: center;\">Bienvenido a Ost\u00f2ria.<\/h3><p> <\/p><p style=\"text-align: center;\">Hotel con encanto de 61 habitaciones climatizadas, un restaurante inmersivo, un bar lounge afterwork, un espacio de bienestar (spa desbordante, sauna), una piscina exterior, salas de seminarios para hasta 220 personas, recepci\u00f3n de grupos y autocares,&#8230; en el coraz\u00f3n del P\u00e9rigord.<\/p><p> <\/p>\t\t\t\t\t\t\t\t<\/div>\n\t\t\t\t<\/div>\n\t\t\t\t<div class=\"elementor-element elementor-element-e58c3da elementor-widget elementor-widget-text-editor\" data-id=\"e58c3da\" data-element_type=\"widget\" data-e-type=\"widget\" data-widget_type=\"text-editor.default\">\n\t\t\t\t<div class=\"elementor-widget-container\">\n\t\t\t\t\t\t\t\t\t<div><div><p style=\"text-align: justify;\">https:\/\/ostoria.fr es el sitio web oficial de Ost\u00f2ria.<br>Al conectarse a este sitio, acepta las presentes modalidades de las menciones legales.<\/p><p style=\"text-align: justify;\"><strong>Editor:<\/strong><\/p><p style=\"text-align: justify;\">Ost\u00f2ria, marca registrada por la SAS OLYTIS representada por Thibault Peyrat-Saphores.<br>Datos de contacto: 6 rue de la Borderie \u2013 24330 Marsac-sur-l&#8217;Isle <br>correo electr\u00f3nico: hotel.perigord@ostoria.fr.<br>RCS P\u00e9rigueux: 931 161 327<br>IVA intracomunitario: FR2402931161327<\/p><p style=\"text-align: justify;\"><strong> Realizaci\u00f3n, creaci\u00f3n del sitio web:<\/strong><\/p><p style=\"text-align: justify;\">Agence de design IL\u00d4 Cr\u00e9atif<br>13 Boulevard Stalingrad<br>24000 P\u00e9rigueux \u2013 Dordogne<br><a href=\"https:\/\/www.ilo-creatif.com\">https:\/\/www.ilo-creatif.com<\/a><\/p><\/div><p style=\"text-align: justify;\"><strong>Director de la publicaci\u00f3n y redacci\u00f3n:<\/strong><\/p><p style=\"text-align: justify;\">Thibault Peyrat-Saphores<br>direction@ostoria.fr<\/p><div><p style=\"text-align: justify;\"><strong>Alojamiento:<\/strong><\/p><p style=\"text-align: justify;\">OVH<br>SAS con un capital de 10 174 560 \u20ac<br>RCS Lille M\u00e9tropole 424 761 419 00045<br>C\u00f3digo APE 2620Z<br>N.\u00ba IVA: FR 22 424 761 419<br>Sede social: 2 rue Kellermann \u2013 59100 Roubaix \u2013 Francia<\/p><p style=\"text-align: justify;\"><strong>Cr\u00e9ditos de las fotos:<\/strong><br>IL\u00d4 Cr\u00e9atif, D\u00e9clic&amp;D\u00e9colle, Adobestock<\/p><p style=\"text-align: justify;\"><strong>El sitio<\/strong><br>https:\/\/ostoria.fr es propiedad de Ost\u00f2ria.<\/p><p style=\"text-align: justify;\"><strong>Derechos de propiedad intelectual y derechos de autor:<\/strong><br>La informaci\u00f3n, los pictogramas, las fotograf\u00edas, las im\u00e1genes, los textos, las secuencias, los v\u00eddeos, animados, sonoros o no, y otros documentos presentes en este sitio web, est\u00e1n protegidos por la legislaci\u00f3n francesa e internacional sobre el derecho de autor y la propiedad intelectual. A este respecto, toda reproducci\u00f3n, representaci\u00f3n, adaptaci\u00f3n o modificaci\u00f3n, parcial o integral, o toda transferencia a otro sitio est\u00e1n prohibidas.<br>Toda reproducci\u00f3n parcial o total para uso colectivo est\u00e1 estrictamente prohibida sin autorizaci\u00f3n de Ost\u00f2ria (ley del 11 de marzo de 1957, art.41, y C\u00f3digo de la propiedad intelectual del 1 de julio de 1992). Se autoriza la copia en soporte papel para uso privado de estos diferentes objetos de derechos (art.L122-5 del C\u00f3digo de la Propiedad Intelectual).  <br>Los logotipos, visuales y marcas presentes en este sitio son propiedad de su respectivo titular. En consecuencia, toda utilizaci\u00f3n de los productos, incluido el sitio web de Ost\u00f2ria, solo podr\u00e1 realizarse mediante la autorizaci\u00f3n escrita de Ost\u00f2ria, que es el \u00fanico que puede juzgarlo. Las bases de datos que figuran en este sitio web est\u00e1n protegidas por las disposiciones de la ley del 11 de julio de 1998 por la que se transpone al C\u00f3digo de la Propiedad Intelectual la directiva europea del 11 de marzo de 1996 relativa a la protecci\u00f3n jur\u00eddica de las bases de datos (y, en particular, la prohibici\u00f3n de extraer, de reutilizar, parcial o totalmente, el contenido de las bases de datos de www.ostoria.fr).  <\/p><p style=\"text-align: justify;\"><strong>Protecci\u00f3n de datos personales:<\/strong><br>Los datos personales recogidos en este sitio resultan de la comunicaci\u00f3n voluntaria de una direcci\u00f3n de correo electr\u00f3nico al depositar un mensaje electr\u00f3nico. Los datos as\u00ed recogidos solo sirven para transmitir los elementos de informaci\u00f3n solicitados y tienen como \u00fanico destinatario a Ost\u00f2ria, ante el cual pueden ejercerse los derechos de acceso y de rectificaci\u00f3n, de conformidad con los art\u00edculos 27 y 34 de la ley n.\u00ba 78-17 del 6 de enero de 1978 relativa a la inform\u00e1tica, a los ficheros y a las libertades. Para ejercerlo, dirija su solicitud escrita a Ost\u00f2ria. En virtud de la ley n.\u00ba 2000-719 del 1 de agosto de 2000, los datos declarados por el usuario podr\u00e1n ser comunicados a requerimiento de las autoridades judiciales.<br>Los datos recogidos en este marco no podr\u00e1n ser cedidos a terceros ni comunicados con fines no previstos.   <\/p><p style=\"text-align: justify;\"><strong>Enlaces hipertexto hacia otros sitios web:<\/strong><br>Los enlaces hipertexto presentes en el sitio web se proponen \u00fanicamente con el fin de aportar la informaci\u00f3n m\u00e1s completa posible al internauta; ni su contenido, ni los enlaces que contienen, ni los cambios ni las actualizaciones que se les aporten podr\u00e1n comprometer la responsabilidad de Ost\u00f2ria.<br>El acceso a sitios externos enlazados a este sitio es de su entera responsabilidad.<\/p><p style=\"text-align: justify;\"><strong>Responsabilidad:<\/strong><br>Ost\u00f2ria no puede garantizar la exactitud, la precisi\u00f3n o la exhaustividad de la informaci\u00f3n puesta a su disposici\u00f3n en el sitio. Por consiguiente, Ost\u00f2ria declina toda responsabilidad por cualquier imprecisi\u00f3n, inexactitud u omisi\u00f3n que afecte a la informaci\u00f3n disponible en este sitio. <\/p><p style=\"text-align: justify;\"><strong>Modificaci\u00f3n:<\/strong><br>Ost\u00f2ria se reserva el derecho de modificar o de corregir el contenido de este sitio en cualquier momento y sin preaviso, sin que ello pueda dar lugar a un derecho a indemnizaci\u00f3n.<\/p><p style=\"text-align: justify;\"><strong>Formulario de contacto:<\/strong><br>La informaci\u00f3n recogida de las personas a trav\u00e9s del formulario de contacto se ajusta a la Ley Inform\u00e1tica y Libertades. Sus respuestas son facultativas y la falta de respuesta no conlleva ninguna consecuencia particular. No obstante, sus respuestas deben ser suficientes para permitirnos tratar la informaci\u00f3n  <\/p><\/div><\/div>\t\t\t\t\t\t\t\t<\/div>\n\t\t\t\t<\/div>\n\t\t\t\t\t<\/div>\n\t\t<\/div>\n\t\t\t\t\t<\/div>\n\t\t<\/section>\n\t\t\t\t<\/div>\n\t\t","protected":false},"excerpt":{"rendered":"<p>Bienvenido a Ost\u00f2ria. Hotel con encanto de 61 habitaciones climatizadas, un restaurante inmersivo, un bar lounge afterwork, un espacio de bienestar (spa desbordante, sauna), una piscina exterior, salas de seminarios para hasta 220 personas, recepci\u00f3n de grupos y autocares,&#8230; en el coraz\u00f3n del P\u00e9rigord. https:\/\/ostoria.fr es el sitio web oficial de Ost\u00f2ria.Al conectarse a este&hellip;<\/p>\n","protected":false},"author":1,"featured_media":0,"parent":0,"menu_order":0,"comment_status":"closed","ping_status":"closed","template":"","meta":{"inline_featured_image":false,"footnotes":""},"class_list":["post-1692","page","type-page","status-publish","hentry"],"yoast_head":"<!-- This site is optimized with the Yoast SEO plugin v27.3 - https:\/\/yoast.com\/product\/yoast-seo-wordpress\/ -->\n<title>Ost\u00f2ria - Hotel, Restaurante, Piscina y Spa, Seminarios en P\u00e9rigueux<\/title>\n<meta name=\"description\" content=\"Hotel de 61 habitaciones, restaurante inmersivo, bar, piscina, seminarios, grupos y empresas de autocares,... en el coraz\u00f3n del P\u00e9rigord, cerca de P\u00e9rigueux.\" \/>\n<meta name=\"robots\" content=\"index, follow, max-snippet:-1, max-image-preview:large, max-video-preview:-1\" \/>\n<link rel=\"canonical\" href=\"https:\/\/ostoria.fr\/es\/menciones-legales\/\" \/>\n<meta property=\"og:locale\" content=\"es_ES\" \/>\n<meta property=\"og:type\" content=\"article\" \/>\n<meta property=\"og:title\" content=\"Ost\u00f2ria - Hotel, Restaurante, Piscina y Spa, Seminarios en P\u00e9rigueux\" \/>\n<meta property=\"og:description\" content=\"Hotel de 61 habitaciones, restaurante inmersivo, bar, piscina, seminarios, grupos y empresas de autocares,... en el coraz\u00f3n del P\u00e9rigord, cerca de P\u00e9rigueux.\" \/>\n<meta property=\"og:url\" content=\"https:\/\/ostoria.fr\/es\/menciones-legales\/\" \/>\n<meta property=\"og:site_name\" content=\"Establecimiento Ost\u00d2ria\" \/>\n<meta property=\"article:modified_time\" content=\"2026-02-25T13:19:56+00:00\" \/>\n<meta name=\"twitter:card\" content=\"summary_large_image\" \/>\n<meta name=\"twitter:label1\" content=\"Tiempo de lectura\" \/>\n\t<meta name=\"twitter:data1\" content=\"4 minutos\" \/>\n<script type=\"application\/ld+json\" class=\"yoast-schema-graph\">{\"@context\":\"https:\\\/\\\/schema.org\",\"@graph\":[{\"@type\":\"WebPage\",\"@id\":\"https:\\\/\\\/ostoria.fr\\\/es\\\/menciones-legales\\\/\",\"url\":\"https:\\\/\\\/ostoria.fr\\\/es\\\/menciones-legales\\\/\",\"name\":\"Ost\u00f2ria - Hotel, Restaurante, Piscina y Spa, Seminarios en P\u00e9rigueux\",\"isPartOf\":{\"@id\":\"https:\\\/\\\/ostoria.fr\\\/es\\\/#website\"},\"datePublished\":\"2025-07-10T13:16:21+00:00\",\"dateModified\":\"2026-02-25T13:19:56+00:00\",\"description\":\"Hotel de 61 habitaciones, restaurante inmersivo, bar, piscina, seminarios, grupos y empresas de autocares,... en el coraz\u00f3n del P\u00e9rigord, cerca de P\u00e9rigueux.\",\"breadcrumb\":{\"@id\":\"https:\\\/\\\/ostoria.fr\\\/es\\\/menciones-legales\\\/#breadcrumb\"},\"inLanguage\":\"es\",\"potentialAction\":[{\"@type\":\"ReadAction\",\"target\":[\"https:\\\/\\\/ostoria.fr\\\/es\\\/menciones-legales\\\/\"]}]},{\"@type\":\"BreadcrumbList\",\"@id\":\"https:\\\/\\\/ostoria.fr\\\/es\\\/menciones-legales\\\/#breadcrumb\",\"itemListElement\":[{\"@type\":\"ListItem\",\"position\":1,\"name\":\"Inicio\",\"item\":\"https:\\\/\\\/ostoria.fr\\\/es\\\/\"},{\"@type\":\"ListItem\",\"position\":2,\"name\":\"Aviso legal\"}]},{\"@type\":\"WebSite\",\"@id\":\"https:\\\/\\\/ostoria.fr\\\/es\\\/#website\",\"url\":\"https:\\\/\\\/ostoria.fr\\\/es\\\/\",\"name\":\"Establecimiento Ost\u00d2ria\",\"description\":\"Huella P\u00e9rigord\",\"publisher\":{\"@id\":\"https:\\\/\\\/ostoria.fr\\\/es\\\/#organization\"},\"potentialAction\":[{\"@type\":\"SearchAction\",\"target\":{\"@type\":\"EntryPoint\",\"urlTemplate\":\"https:\\\/\\\/ostoria.fr\\\/es\\\/?s={search_term_string}\"},\"query-input\":{\"@type\":\"PropertyValueSpecification\",\"valueRequired\":true,\"valueName\":\"search_term_string\"}}],\"inLanguage\":\"es\"},{\"@type\":\"Organization\",\"@id\":\"https:\\\/\\\/ostoria.fr\\\/es\\\/#organization\",\"name\":\"Establecimiento Ost\u00d2ria\",\"url\":\"https:\\\/\\\/ostoria.fr\\\/es\\\/\",\"logo\":{\"@type\":\"ImageObject\",\"inLanguage\":\"es\",\"@id\":\"https:\\\/\\\/ostoria.fr\\\/es\\\/#\\\/schema\\\/logo\\\/image\\\/\",\"url\":\"https:\\\/\\\/ostoria.fr\\\/wp-content\\\/uploads\\\/2025\\\/04\\\/Ostoria-logo.svg\",\"contentUrl\":\"https:\\\/\\\/ostoria.fr\\\/wp-content\\\/uploads\\\/2025\\\/04\\\/Ostoria-logo.svg\",\"width\":962,\"height\":346,\"caption\":\"Establecimiento Ost\u00d2ria\"},\"image\":{\"@id\":\"https:\\\/\\\/ostoria.fr\\\/es\\\/#\\\/schema\\\/logo\\\/image\\\/\"}}]}<\/script>\n<!-- \/ Yoast SEO plugin. -->","yoast_head_json":{"title":"Ost\u00f2ria - Hotel, Restaurante, Piscina y Spa, Seminarios en P\u00e9rigueux","description":"Hotel de 61 habitaciones, restaurante inmersivo, bar, piscina, seminarios, grupos y empresas de autocares,... en el coraz\u00f3n del P\u00e9rigord, cerca de P\u00e9rigueux.","robots":{"index":"index","follow":"follow","max-snippet":"max-snippet:-1","max-image-preview":"max-image-preview:large","max-video-preview":"max-video-preview:-1"},"canonical":"https:\/\/ostoria.fr\/es\/menciones-legales\/","og_locale":"es_ES","og_type":"article","og_title":"Ost\u00f2ria - Hotel, Restaurante, Piscina y Spa, Seminarios en P\u00e9rigueux","og_description":"Hotel de 61 habitaciones, restaurante inmersivo, bar, piscina, seminarios, grupos y empresas de autocares,... en el coraz\u00f3n del P\u00e9rigord, cerca de P\u00e9rigueux.","og_url":"https:\/\/ostoria.fr\/es\/menciones-legales\/","og_site_name":"Establecimiento Ost\u00d2ria","article_modified_time":"2026-02-25T13:19:56+00:00","twitter_card":"summary_large_image","twitter_misc":{"Tiempo de lectura":"4 minutos"},"schema":{"@context":"https:\/\/schema.org","@graph":[{"@type":"WebPage","@id":"https:\/\/ostoria.fr\/es\/menciones-legales\/","url":"https:\/\/ostoria.fr\/es\/menciones-legales\/","name":"Ost\u00f2ria - Hotel, Restaurante, Piscina y Spa, Seminarios en P\u00e9rigueux","isPartOf":{"@id":"https:\/\/ostoria.fr\/es\/#website"},"datePublished":"2025-07-10T13:16:21+00:00","dateModified":"2026-02-25T13:19:56+00:00","description":"Hotel de 61 habitaciones, restaurante inmersivo, bar, piscina, seminarios, grupos y empresas de autocares,... en el coraz\u00f3n del P\u00e9rigord, cerca de P\u00e9rigueux.","breadcrumb":{"@id":"https:\/\/ostoria.fr\/es\/menciones-legales\/#breadcrumb"},"inLanguage":"es","potentialAction":[{"@type":"ReadAction","target":["https:\/\/ostoria.fr\/es\/menciones-legales\/"]}]},{"@type":"BreadcrumbList","@id":"https:\/\/ostoria.fr\/es\/menciones-legales\/#breadcrumb","itemListElement":[{"@type":"ListItem","position":1,"name":"Inicio","item":"https:\/\/ostoria.fr\/es\/"},{"@type":"ListItem","position":2,"name":"Aviso legal"}]},{"@type":"WebSite","@id":"https:\/\/ostoria.fr\/es\/#website","url":"https:\/\/ostoria.fr\/es\/","name":"Establecimiento Ost\u00d2ria","description":"Huella P\u00e9rigord","publisher":{"@id":"https:\/\/ostoria.fr\/es\/#organization"},"potentialAction":[{"@type":"SearchAction","target":{"@type":"EntryPoint","urlTemplate":"https:\/\/ostoria.fr\/es\/?s={search_term_string}"},"query-input":{"@type":"PropertyValueSpecification","valueRequired":true,"valueName":"search_term_string"}}],"inLanguage":"es"},{"@type":"Organization","@id":"https:\/\/ostoria.fr\/es\/#organization","name":"Establecimiento Ost\u00d2ria","url":"https:\/\/ostoria.fr\/es\/","logo":{"@type":"ImageObject","inLanguage":"es","@id":"https:\/\/ostoria.fr\/es\/#\/schema\/logo\/image\/","url":"https:\/\/ostoria.fr\/wp-content\/uploads\/2025\/04\/Ostoria-logo.svg","contentUrl":"https:\/\/ostoria.fr\/wp-content\/uploads\/2025\/04\/Ostoria-logo.svg","width":962,"height":346,"caption":"Establecimiento Ost\u00d2ria"},"image":{"@id":"https:\/\/ostoria.fr\/es\/#\/schema\/logo\/image\/"}}]}},"_links":{"self":[{"href":"https:\/\/ostoria.fr\/es\/wp-json\/wp\/v2\/pages\/1692","targetHints":{"allow":["GET"]}}],"collection":[{"href":"https:\/\/ostoria.fr\/es\/wp-json\/wp\/v2\/pages"}],"about":[{"href":"https:\/\/ostoria.fr\/es\/wp-json\/wp\/v2\/types\/page"}],"author":[{"embeddable":true,"href":"https:\/\/ostoria.fr\/es\/wp-json\/wp\/v2\/users\/1"}],"replies":[{"embeddable":true,"href":"https:\/\/ostoria.fr\/es\/wp-json\/wp\/v2\/comments?post=1692"}],"version-history":[{"count":5,"href":"https:\/\/ostoria.fr\/es\/wp-json\/wp\/v2\/pages\/1692\/revisions"}],"predecessor-version":[{"id":2932,"href":"https:\/\/ostoria.fr\/es\/wp-json\/wp\/v2\/pages\/1692\/revisions\/2932"}],"wp:attachment":[{"href":"https:\/\/ostoria.fr\/es\/wp-json\/wp\/v2\/media?parent=1692"}],"curies":[{"name":"wp","href":"https:\/\/api.w.org\/{rel}","templated":true}]}}